{"id":4698,"date":"2023-10-13T16:12:04","date_gmt":"2023-10-13T21:12:04","guid":{"rendered":"https:\/\/fr-odgers-fr-design2.instaging.io\/fr-ca\/?page_id=4698"},"modified":"2025-06-10T15:57:41","modified_gmt":"2025-06-10T20:57:41","slug":"job-search","status":"publish","type":"page","link":"https:\/\/odgers-fr-design2.instaging.io\/fr-ca\/","title":{"rendered":"Job Search"},"content":{"rendered":"\n<h2  data-animation-delay=\".5\" data-animation-duration=\".5\">\n\t\t\tOccasions d&#8217;emploi\t<\/h2>\n<h3>\n\t\t\tRecherche avanc\u00e9e\t<\/h3>\n\t<p>R\u00e9gion<\/p>\n\t<p>Cat\u00e9gorie d&#8217;emploi<\/p>\n\t<p>Industrie<\/p>\n\t<p>Flexibilit\u00e9<\/p>\n\t<a href=\"https:\/\/fr-odgers-fr-design2.instaging.io\/fr-ca\/\" target=\"_self\" role=\"button\" aria-label=\"Effacer\">\n\t\t\t\t\t\tEffacer\n\t\t\t\t\t<\/a>\n<h3>\n\t\t\tSoumettez votre CV pour \u00eatre consid\u00e9r\u00e9 pour de futures opportunit\u00e9s.\t<\/h3>\n\t<a href=\"\/fr-ca\/soumettez-votre-cv\/\" target=\"_self\" role=\"button\" aria-label=\"Soumettez votre CV\">\n\t\t\t\t\t\tSoumettez votre CV\n\t\t\t\t\t<\/a>\n\t<meta itemscope itemprop=\"mainEntityOfPage\" itemtype=\"https:\/\/schema.org\/WebPage\" itemid=\"http:\/\/104968\" content=\"Director, Bikeshare and Micro-Mobility | Toronto Parking Authority\" \/><meta itemprop=\"datePublished\" content=\"2025-05-30\" \/><meta itemprop=\"dateModified\" content=\"2025-06-01\" \/><meta itemprop=\"name\" content=\"Odgers (French)\"\/><meta itemprop=\"url\" content=\"https:\/\/odgers-fr-design2.instaging.io\/fr-ca\/author\/baseinstall\/\" \/><meta itemprop=\"name\" content=\"Odgers\" \/><meta itemprop=\"url\" content=\"https:\/\/odgers-fr-design2.instaging.io\/fr-ca\/wp-content\/uploads\/2024\/08\/Odgers-favicon-blue.png\" \/><meta itemprop=\"width\" content=\"1494\" \/><meta itemprop=\"height\" content=\"1495\" \/><meta itemprop=\"interactionType\" content=\"https:\/\/schema.org\/CommentAction\" \/><meta itemprop=\"userInteractionCount\" content=\"0\" \/>\n        <a href=\"https:\/\/odgers-fr-design2.instaging.io\/fr-ca\/job\/30447\/\">Director, Bikeshare and Micro-Mobility | Toronto Parking Authority<\/a>\n            <p>Toronto<\/p>\n        Hybrid\n\t<meta itemscope itemprop=\"mainEntityOfPage\" itemtype=\"https:\/\/schema.org\/WebPage\" itemid=\"http:\/\/104960\" content=\"Pr\u00e9sidence du Conseil d&#8217;administration, \u00c9cole nationale de th\u00e9\u00e2tre du Canada  | Chair of the Board of Directors, National Theatre School of Canada\" \/><meta itemprop=\"datePublished\" content=\"2025-05-30\" \/><meta itemprop=\"dateModified\" content=\"2025-06-01\" \/><meta itemprop=\"name\" content=\"Odgers (French)\"\/><meta itemprop=\"url\" content=\"https:\/\/odgers-fr-design2.instaging.io\/fr-ca\/author\/baseinstall\/\" \/><meta itemprop=\"name\" content=\"Odgers\" \/><meta itemprop=\"url\" content=\"https:\/\/odgers-fr-design2.instaging.io\/fr-ca\/wp-content\/uploads\/2024\/08\/Odgers-favicon-blue.png\" \/><meta itemprop=\"width\" content=\"1494\" \/><meta itemprop=\"height\" content=\"1495\" \/><meta itemprop=\"interactionType\" content=\"https:\/\/schema.org\/CommentAction\" \/><meta itemprop=\"userInteractionCount\" content=\"0\" \/>\n        <a href=\"https:\/\/odgers-fr-design2.instaging.io\/fr-ca\/job\/30413\/\">Pr\u00e9sidence du Conseil d&#8217;administration, \u00c9cole nationale de th\u00e9\u00e2tre du Canada  | Chair of the Board of Directors, National Theatre School of Canada<\/a>\n            <p>Canada wide<\/p>\n        Hybrid\n\t<meta itemscope itemprop=\"mainEntityOfPage\" itemtype=\"https:\/\/schema.org\/WebPage\" itemid=\"http:\/\/104951\" content=\"Chief Executive Officer &#038; President, Destination Ontario Ministry of Tourism, Culture and Gaming | Pr\u00e9sident et directeur g\u00e9n\u00e9ral, Destination Ontario; Pr\u00e9sidente et directrice g\u00e9n\u00e9rale, Destination Ontario minist\u00e8re du Tourisme, de la Culture et des Jeux\" \/><meta itemprop=\"datePublished\" content=\"2025-05-30\" \/><meta itemprop=\"dateModified\" content=\"2025-06-01\" \/><meta itemprop=\"name\" content=\"Odgers (French)\"\/><meta itemprop=\"url\" content=\"https:\/\/odgers-fr-design2.instaging.io\/fr-ca\/author\/baseinstall\/\" \/><meta itemprop=\"name\" content=\"Odgers\" \/><meta itemprop=\"url\" content=\"https:\/\/odgers-fr-design2.instaging.io\/fr-ca\/wp-content\/uploads\/2024\/08\/Odgers-favicon-blue.png\" \/><meta itemprop=\"width\" content=\"1494\" \/><meta itemprop=\"height\" content=\"1495\" \/><meta itemprop=\"interactionType\" content=\"https:\/\/schema.org\/CommentAction\" \/><meta itemprop=\"userInteractionCount\" content=\"0\" \/>\n        <a href=\"https:\/\/odgers-fr-design2.instaging.io\/fr-ca\/job\/30365\/\">Chief Executive Officer &amp; President, Destination Ontario Ministry of Tourism, Culture and Gaming | Pr\u00e9sident et directeur g\u00e9n\u00e9ral, Destination Ontario; Pr\u00e9sidente et directrice g\u00e9n\u00e9rale, Destination Ontario minist\u00e8re du Tourisme, de la Culture et des Jeux<\/a>\n            <p>Toronto<\/p>\n\t<meta itemscope itemprop=\"mainEntityOfPage\" itemtype=\"https:\/\/schema.org\/WebPage\" itemid=\"http:\/\/104964\" content=\"Senior Manager, Middle Office &#038; Quantitative Analytics, Irving Oil\" \/><meta itemprop=\"datePublished\" content=\"2025-05-28\" \/><meta itemprop=\"dateModified\" content=\"2025-06-01\" \/><meta itemprop=\"name\" content=\"Odgers (French)\"\/><meta itemprop=\"url\" content=\"https:\/\/odgers-fr-design2.instaging.io\/fr-ca\/author\/baseinstall\/\" \/><meta itemprop=\"name\" content=\"Odgers\" \/><meta itemprop=\"url\" content=\"https:\/\/odgers-fr-design2.instaging.io\/fr-ca\/wp-content\/uploads\/2024\/08\/Odgers-favicon-blue.png\" \/><meta itemprop=\"width\" content=\"1494\" \/><meta itemprop=\"height\" content=\"1495\" \/><meta itemprop=\"interactionType\" content=\"https:\/\/schema.org\/CommentAction\" \/><meta itemprop=\"userInteractionCount\" content=\"0\" \/>\n        <a href=\"https:\/\/odgers-fr-design2.instaging.io\/fr-ca\/job\/30435\/\">Senior Manager, Middle Office &amp; Quantitative Analytics, Irving Oil<\/a>\n            <p>Saint John<\/p>\n\t<meta itemscope itemprop=\"mainEntityOfPage\" itemtype=\"https:\/\/schema.org\/WebPage\" itemid=\"http:\/\/104953\" content=\"Vice President, Operations, Confidential Client\" \/><meta itemprop=\"datePublished\" content=\"2025-05-28\" \/><meta itemprop=\"dateModified\" content=\"2025-06-01\" \/><meta itemprop=\"name\" content=\"Odgers (French)\"\/><meta itemprop=\"url\" content=\"https:\/\/odgers-fr-design2.instaging.io\/fr-ca\/author\/baseinstall\/\" \/><meta itemprop=\"name\" content=\"Odgers\" \/><meta itemprop=\"url\" content=\"https:\/\/odgers-fr-design2.instaging.io\/fr-ca\/wp-content\/uploads\/2024\/08\/Odgers-favicon-blue.png\" \/><meta itemprop=\"width\" content=\"1494\" \/><meta itemprop=\"height\" content=\"1495\" \/><meta itemprop=\"interactionType\" content=\"https:\/\/schema.org\/CommentAction\" \/><meta itemprop=\"userInteractionCount\" content=\"0\" \/>\n        <a href=\"https:\/\/odgers-fr-design2.instaging.io\/fr-ca\/job\/30384\/\">Vice President, Operations, Confidential Client<\/a>\n            <p>Canada<\/p>\n\t<meta itemscope itemprop=\"mainEntityOfPage\" itemtype=\"https:\/\/schema.org\/WebPage\" itemid=\"http:\/\/104971\" content=\"Agriculture Financial Services Corporation, Leader, Portfolio &#038; Projects\" \/><meta itemprop=\"datePublished\" content=\"2025-05-27\" \/><meta itemprop=\"dateModified\" content=\"2025-06-01\" \/><meta itemprop=\"name\" content=\"Odgers (French)\"\/><meta itemprop=\"url\" content=\"https:\/\/odgers-fr-design2.instaging.io\/fr-ca\/author\/baseinstall\/\" \/><meta itemprop=\"name\" content=\"Odgers\" \/><meta itemprop=\"url\" content=\"https:\/\/odgers-fr-design2.instaging.io\/fr-ca\/wp-content\/uploads\/2024\/08\/Odgers-favicon-blue.png\" \/><meta itemprop=\"width\" content=\"1494\" \/><meta itemprop=\"height\" content=\"1495\" \/><meta itemprop=\"interactionType\" content=\"https:\/\/schema.org\/CommentAction\" \/><meta itemprop=\"userInteractionCount\" content=\"0\" \/>\n        <a href=\"https:\/\/odgers-fr-design2.instaging.io\/fr-ca\/job\/30463\/\">Agriculture Financial Services Corporation, Leader, Portfolio &amp; Projects<\/a>\n            <p>Alberta<\/p>\n\t<meta itemscope itemprop=\"mainEntityOfPage\" itemtype=\"https:\/\/schema.org\/WebPage\" itemid=\"http:\/\/104970\" content=\"Corporate Director, Support Services &#8211; Humber River Health\" \/><meta itemprop=\"datePublished\" content=\"2025-05-27\" \/><meta itemprop=\"dateModified\" content=\"2025-06-01\" \/><meta itemprop=\"name\" content=\"Odgers (French)\"\/><meta itemprop=\"url\" content=\"https:\/\/odgers-fr-design2.instaging.io\/fr-ca\/author\/baseinstall\/\" \/><meta itemprop=\"name\" content=\"Odgers\" \/><meta itemprop=\"url\" content=\"https:\/\/odgers-fr-design2.instaging.io\/fr-ca\/wp-content\/uploads\/2024\/08\/Odgers-favicon-blue.png\" \/><meta itemprop=\"width\" content=\"1494\" \/><meta itemprop=\"height\" content=\"1495\" \/><meta itemprop=\"interactionType\" content=\"https:\/\/schema.org\/CommentAction\" \/><meta itemprop=\"userInteractionCount\" content=\"0\" \/>\n        <a href=\"https:\/\/odgers-fr-design2.instaging.io\/fr-ca\/job\/30460\/\">Corporate Director, Support Services &#8211; Humber River Health<\/a>\n            \n\t<meta itemscope itemprop=\"mainEntityOfPage\" itemtype=\"https:\/\/schema.org\/WebPage\" itemid=\"http:\/\/104969\" content=\"Vice President, Policy | Ontario Chamber of Commerce\" \/><meta itemprop=\"datePublished\" content=\"2025-05-26\" \/><meta itemprop=\"dateModified\" content=\"2025-06-01\" \/><meta itemprop=\"name\" content=\"Odgers (French)\"\/><meta itemprop=\"url\" content=\"https:\/\/odgers-fr-design2.instaging.io\/fr-ca\/author\/baseinstall\/\" \/><meta itemprop=\"name\" content=\"Odgers\" \/><meta itemprop=\"url\" content=\"https:\/\/odgers-fr-design2.instaging.io\/fr-ca\/wp-content\/uploads\/2024\/08\/Odgers-favicon-blue.png\" \/><meta itemprop=\"width\" content=\"1494\" \/><meta itemprop=\"height\" content=\"1495\" \/><meta itemprop=\"interactionType\" content=\"https:\/\/schema.org\/CommentAction\" \/><meta itemprop=\"userInteractionCount\" content=\"0\" \/>\n        <a href=\"https:\/\/odgers-fr-design2.instaging.io\/fr-ca\/job\/30451\/\">Vice President, Policy | Ontario Chamber of Commerce<\/a>\n            \n        Hybrid\n\t<meta itemscope itemprop=\"mainEntityOfPage\" itemtype=\"https:\/\/schema.org\/WebPage\" itemid=\"http:\/\/104967\" content=\"Controller and Director, Finance and Administration | Con-Elco Group\" \/><meta itemprop=\"datePublished\" content=\"2025-05-26\" \/><meta itemprop=\"dateModified\" content=\"2025-06-01\" \/><meta itemprop=\"name\" content=\"Odgers (French)\"\/><meta itemprop=\"url\" content=\"https:\/\/odgers-fr-design2.instaging.io\/fr-ca\/author\/baseinstall\/\" \/><meta itemprop=\"name\" content=\"Odgers\" \/><meta itemprop=\"url\" content=\"https:\/\/odgers-fr-design2.instaging.io\/fr-ca\/wp-content\/uploads\/2024\/08\/Odgers-favicon-blue.png\" \/><meta itemprop=\"width\" content=\"1494\" \/><meta itemprop=\"height\" content=\"1495\" \/><meta itemprop=\"interactionType\" content=\"https:\/\/schema.org\/CommentAction\" \/><meta itemprop=\"userInteractionCount\" content=\"0\" \/>\n        <a href=\"https:\/\/odgers-fr-design2.instaging.io\/fr-ca\/job\/30445\/\">Controller and Director, Finance and Administration | Con-Elco Group<\/a>\n            <p>Concord, Ontario<\/p>\n\t<meta itemscope itemprop=\"mainEntityOfPage\" itemtype=\"https:\/\/schema.org\/WebPage\" itemid=\"http:\/\/104962\" content=\"Vice President, Operations and Infrastructure, Ottawa International Airport Authority  | Vice-pr\u00e9sident, Exploitation et infrastructure, Administration de l'a\u00e9roport international d'Ottawa\" \/><meta itemprop=\"datePublished\" content=\"2025-05-23\" \/><meta itemprop=\"dateModified\" content=\"2025-06-01\" \/><meta itemprop=\"name\" content=\"Odgers (French)\"\/><meta itemprop=\"url\" content=\"https:\/\/odgers-fr-design2.instaging.io\/fr-ca\/author\/baseinstall\/\" \/><meta itemprop=\"name\" content=\"Odgers\" \/><meta itemprop=\"url\" content=\"https:\/\/odgers-fr-design2.instaging.io\/fr-ca\/wp-content\/uploads\/2024\/08\/Odgers-favicon-blue.png\" \/><meta itemprop=\"width\" content=\"1494\" \/><meta itemprop=\"height\" content=\"1495\" \/><meta itemprop=\"interactionType\" content=\"https:\/\/schema.org\/CommentAction\" \/><meta itemprop=\"userInteractionCount\" content=\"0\" \/>\n        <a href=\"https:\/\/odgers-fr-design2.instaging.io\/fr-ca\/job\/30420\/\">Vice President, Operations and Infrastructure, Ottawa International Airport Authority  | Vice-pr\u00e9sident, Exploitation et infrastructure, Administration de l&#8217;a\u00e9roport international d&#8217;Ottawa<\/a>\n            <p>Ottawa, Ontario<\/p>\n\t<meta itemscope itemprop=\"mainEntityOfPage\" itemtype=\"https:\/\/schema.org\/WebPage\" itemid=\"http:\/\/104961\" content=\"Director of Representation Services, The Association of Justice Counsel  | Directrice ou directeur, Services de repr\u00e9sentation, | L'Association des juristes de justice\" \/><meta itemprop=\"datePublished\" content=\"2025-05-23\" \/><meta itemprop=\"dateModified\" content=\"2025-06-01\" \/><meta itemprop=\"name\" content=\"Odgers (French)\"\/><meta itemprop=\"url\" content=\"https:\/\/odgers-fr-design2.instaging.io\/fr-ca\/author\/baseinstall\/\" \/><meta itemprop=\"name\" content=\"Odgers\" \/><meta itemprop=\"url\" content=\"https:\/\/odgers-fr-design2.instaging.io\/fr-ca\/wp-content\/uploads\/2024\/08\/Odgers-favicon-blue.png\" \/><meta itemprop=\"width\" content=\"1494\" \/><meta itemprop=\"height\" content=\"1495\" \/><meta itemprop=\"interactionType\" content=\"https:\/\/schema.org\/CommentAction\" \/><meta itemprop=\"userInteractionCount\" content=\"0\" \/>\n        <a href=\"https:\/\/odgers-fr-design2.instaging.io\/fr-ca\/job\/30417\/\">Director of Representation Services, The Association of Justice Counsel  | Directrice ou directeur, Services de repr\u00e9sentation, | L&#8217;Association des juristes de justice<\/a>\n            <p>Ottawa, Ontario<\/p>\n        Hybrid\n\t<meta itemscope itemprop=\"mainEntityOfPage\" itemtype=\"https:\/\/schema.org\/WebPage\" itemid=\"http:\/\/104958\" content=\"Vice President, Corporate Services | MS Canada\" \/><meta itemprop=\"datePublished\" content=\"2025-05-23\" \/><meta itemprop=\"dateModified\" content=\"2025-06-01\" \/><meta itemprop=\"name\" content=\"Odgers (French)\"\/><meta itemprop=\"url\" content=\"https:\/\/odgers-fr-design2.instaging.io\/fr-ca\/author\/baseinstall\/\" \/><meta itemprop=\"name\" content=\"Odgers\" \/><meta itemprop=\"url\" content=\"https:\/\/odgers-fr-design2.instaging.io\/fr-ca\/wp-content\/uploads\/2024\/08\/Odgers-favicon-blue.png\" \/><meta itemprop=\"width\" content=\"1494\" \/><meta itemprop=\"height\" content=\"1495\" \/><meta itemprop=\"interactionType\" content=\"https:\/\/schema.org\/CommentAction\" \/><meta itemprop=\"userInteractionCount\" content=\"0\" \/>\n        <a href=\"https:\/\/odgers-fr-design2.instaging.io\/fr-ca\/job\/30403\/\">Vice President, Corporate Services | MS Canada<\/a>\n            \n\t\t<!-- .pp-content-posts -->\n<h3>\n\t\t\tSoumettez votre CV pour \u00eatre consid\u00e9r\u00e9 pour de futures opportunit\u00e9s.\t<\/h3>\n\t<a href=\"\/fr-ca\/soumettez-votre-cv\/\" target=\"_self\" role=\"button\" aria-label=\"Soumettez votre CV\">\n\t\t\t\t\t\tSoumettez votre CV\n\t\t\t\t\t<\/a>\n\n","protected":false},"excerpt":{"rendered":"","protected":false},"author":1,"featured_media":0,"parent":0,"menu_order":0,"comment_status":"closed","ping_status":"closed","template":"","meta":{"_relevanssi_hide_post":"","_relevanssi_pin_for_all":"","_relevanssi_pin_keywords":"","_relevanssi_unpin_keywords":"","_relevanssi_related_keywords":"","_relevanssi_related_include_ids":"","_relevanssi_related_exclude_ids":"","_relevanssi_related_no_append":"","_relevanssi_related_not_related":"","_relevanssi_related_posts":"","_relevanssi_noindex_reason":"","inline_featured_image":false,"footnotes":""},"class_list":["post-4698","page","type-page","status-publish","hentry"],"yoast_head":"<!-- This site is optimized with the Yoast SEO plugin v27.4 - https:\/\/yoast.com\/product\/yoast-seo-wordpress\/ -->\n<title>Opportunit\u00e9s | Odgers<\/title>\n<meta name=\"robots\" content=\"noindex, follow, max-snippet:-1, max-image-preview:large, max-video-preview:-1\" \/>\n<meta property=\"og:locale\" content=\"en_US\" \/>\n<meta property=\"og:type\" content=\"article\" \/>\n<meta property=\"og:title\" content=\"Opportunit\u00e9s | Odgers\" \/>\n<meta property=\"og:url\" content=\"https:\/\/odgers-fr-design2.instaging.io\/fr-ca\/\" \/>\n<meta property=\"og:site_name\" content=\"Odgers (French)\" \/>\n<meta property=\"article:modified_time\" content=\"2025-06-10T20:57:41+00:00\" \/>\n<meta property=\"og:image\" content=\"https:\/\/odgers-fr-design2.instaging.io\/fr-ca\/wp-content\/uploads\/2023\/05\/logo.png\" \/>\n\t<meta property=\"og:image:width\" content=\"612\" \/>\n\t<meta property=\"og:image:height\" content=\"86\" \/>\n\t<meta property=\"og:image:type\" content=\"image\/png\" \/>\n<meta name=\"twitter:card\" content=\"summary_large_image\" \/>\n<meta name=\"twitter:label1\" content=\"Est. reading time\" \/>\n\t<meta name=\"twitter:data1\" content=\"1 minute\" \/>\n<script type=\"application\/ld+json\" class=\"yoast-schema-graph\">{\"@context\":\"https:\\\/\\\/schema.org\",\"@graph\":[{\"@type\":\"WebPage\",\"@id\":\"https:\\\/\\\/odgers-fr-design2.instaging.io\\\/fr-ca\\\/\",\"url\":\"https:\\\/\\\/odgers-fr-design2.instaging.io\\\/fr-ca\\\/\",\"name\":\"Opportunit\u00e9s | Odgers\",\"isPartOf\":{\"@id\":\"https:\\\/\\\/odgers-fr-design2.instaging.io\\\/fr-ca\\\/#website\"},\"datePublished\":\"2023-10-13T21:12:04+00:00\",\"dateModified\":\"2025-06-10T20:57:41+00:00\",\"breadcrumb\":{\"@id\":\"https:\\\/\\\/odgers-fr-design2.instaging.io\\\/fr-ca\\\/#breadcrumb\"},\"inLanguage\":\"en-US\",\"potentialAction\":[{\"@type\":\"ReadAction\",\"target\":[\"https:\\\/\\\/odgers-fr-design2.instaging.io\\\/fr-ca\\\/\"]}]},{\"@type\":\"BreadcrumbList\",\"@id\":\"https:\\\/\\\/odgers-fr-design2.instaging.io\\\/fr-ca\\\/#breadcrumb\",\"itemListElement\":[{\"@type\":\"ListItem\",\"position\":1,\"name\":\"Home\",\"item\":\"https:\\\/\\\/odgers-fr-design2.instaging.io\\\/fr-ca\\\/\"},{\"@type\":\"ListItem\",\"position\":2,\"name\":\"Job Search\"}]},{\"@type\":\"WebSite\",\"@id\":\"https:\\\/\\\/odgers-fr-design2.instaging.io\\\/fr-ca\\\/#website\",\"url\":\"https:\\\/\\\/odgers-fr-design2.instaging.io\\\/fr-ca\\\/\",\"name\":\"Odgers (French)\",\"description\":\"\",\"potentialAction\":[{\"@type\":\"SearchAction\",\"target\":{\"@type\":\"EntryPoint\",\"urlTemplate\":\"https:\\\/\\\/odgers-fr-design2.instaging.io\\\/fr-ca\\\/?s={search_term_string}\"},\"query-input\":{\"@type\":\"PropertyValueSpecification\",\"valueRequired\":true,\"valueName\":\"search_term_string\"}}],\"inLanguage\":\"en-US\"}]}<\/script>\n<!-- \/ Yoast SEO plugin. -->","yoast_head_json":{"title":"Opportunit\u00e9s | Odgers","robots":{"index":"noindex","follow":"follow","max-snippet":"max-snippet:-1","max-image-preview":"max-image-preview:large","max-video-preview":"max-video-preview:-1"},"og_locale":"en_US","og_type":"article","og_title":"Opportunit\u00e9s | Odgers","og_url":"https:\/\/odgers-fr-design2.instaging.io\/fr-ca\/","og_site_name":"Odgers (French)","article_modified_time":"2025-06-10T20:57:41+00:00","og_image":[{"width":612,"height":86,"url":"https:\/\/odgers-fr-design2.instaging.io\/fr-ca\/wp-content\/uploads\/2023\/05\/logo.png","type":"image\/png"}],"twitter_card":"summary_large_image","twitter_misc":{"Est. reading time":"1 minute"},"schema":{"@context":"https:\/\/schema.org","@graph":[{"@type":"WebPage","@id":"https:\/\/odgers-fr-design2.instaging.io\/fr-ca\/","url":"https:\/\/odgers-fr-design2.instaging.io\/fr-ca\/","name":"Opportunit\u00e9s | Odgers","isPartOf":{"@id":"https:\/\/odgers-fr-design2.instaging.io\/fr-ca\/#website"},"datePublished":"2023-10-13T21:12:04+00:00","dateModified":"2025-06-10T20:57:41+00:00","breadcrumb":{"@id":"https:\/\/odgers-fr-design2.instaging.io\/fr-ca\/#breadcrumb"},"inLanguage":"en-US","potentialAction":[{"@type":"ReadAction","target":["https:\/\/odgers-fr-design2.instaging.io\/fr-ca\/"]}]},{"@type":"BreadcrumbList","@id":"https:\/\/odgers-fr-design2.instaging.io\/fr-ca\/#breadcrumb","itemListElement":[{"@type":"ListItem","position":1,"name":"Home","item":"https:\/\/odgers-fr-design2.instaging.io\/fr-ca\/"},{"@type":"ListItem","position":2,"name":"Job Search"}]},{"@type":"WebSite","@id":"https:\/\/odgers-fr-design2.instaging.io\/fr-ca\/#website","url":"https:\/\/odgers-fr-design2.instaging.io\/fr-ca\/","name":"Odgers (French)","description":"","potentialAction":[{"@type":"SearchAction","target":{"@type":"EntryPoint","urlTemplate":"https:\/\/odgers-fr-design2.instaging.io\/fr-ca\/?s={search_term_string}"},"query-input":{"@type":"PropertyValueSpecification","valueRequired":true,"valueName":"search_term_string"}}],"inLanguage":"en-US"}]}},"_links":{"self":[{"href":"https:\/\/odgers-fr-design2.instaging.io\/fr-ca\/wp-json\/wp\/v2\/pages\/4698","targetHints":{"allow":["GET"]}}],"collection":[{"href":"https:\/\/odgers-fr-design2.instaging.io\/fr-ca\/wp-json\/wp\/v2\/pages"}],"about":[{"href":"https:\/\/odgers-fr-design2.instaging.io\/fr-ca\/wp-json\/wp\/v2\/types\/page"}],"author":[{"embeddable":true,"href":"https:\/\/odgers-fr-design2.instaging.io\/fr-ca\/wp-json\/wp\/v2\/users\/1"}],"replies":[{"embeddable":true,"href":"https:\/\/odgers-fr-design2.instaging.io\/fr-ca\/wp-json\/wp\/v2\/comments?post=4698"}],"version-history":[{"count":12,"href":"https:\/\/odgers-fr-design2.instaging.io\/fr-ca\/wp-json\/wp\/v2\/pages\/4698\/revisions"}],"predecessor-version":[{"id":104972,"href":"https:\/\/odgers-fr-design2.instaging.io\/fr-ca\/wp-json\/wp\/v2\/pages\/4698\/revisions\/104972"}],"wp:attachment":[{"href":"https:\/\/odgers-fr-design2.instaging.io\/fr-ca\/wp-json\/wp\/v2\/media?parent=4698"}],"curies":[{"name":"wp","href":"https:\/\/api.w.org\/{rel}","templated":true}]}}